{"id":59,"date":"2023-05-22T11:49:13","date_gmt":"2023-05-22T11:49:13","guid":{"rendered":"https:\/\/selmasgard.se\/?page_id=59"},"modified":"2023-07-04T18:16:28","modified_gmt":"2023-07-04T16:16:28","slug":"besokmalen","status":"publish","type":"page","link":"https:\/\/selmasgard.se\/en\/besokmalen\/","title":{"rendered":"activities"},"content":{"rendered":"<section class=\"bde-section-59-134 bde-section\">\n  \n  \n\t\n\n\n\n<div class=\"section-container\"><div class=\"bde-div-59-175 bde-div\">\n  \n  \n\t\n\n\n\n<h1 class=\"bde-dual-heading-59-135 bde-dual-heading breakdance-free-version-frontend-element-hider\">\n\n\n            <span data-style=\"primary\" class=\"dual-heading--primary\">Welcome to<\/span>\n\n            <span data-style=\"secondary\" class=\"dual-heading--secondary  js-annotate\">Sunne!<\/span>\n\n\n\n<\/h1><div class=\"bde-text-59-138 bde-text\">\nWe have handpicked several destinations for your pleasant stay in Sagolika Sunne. In addition, you can read more on the tourist guides attached in the folder in the hostel.\n<\/div>\n<\/div><\/div>\n<\/section><section id=\"aktiviteter\" class=\"bde-section-59-125 bde-section\">\n  \n  \n\t\n\n\n\n<div class=\"section-container\"><h2 class=\"bde-heading-59-139 bde-heading\">\nACTIVITIES\n<\/h2><div class=\"bde-text-59-140 bde-text\">\nIn Sunne, there are many activities you can do for all ages.\n<\/div><div class=\"bde-grid-59-176 bde-grid\">\n  \n  \n\t\n\n\n\n<div class=\"bde-image-box-59-130 bde-image-box\">\n<div class=\"ee-imagebox-image\">\n  <img loading=\"lazy\" decoding=\"async\" class=\"breakdance-image-object\" src=\"https:\/\/selmasgard.se\/wp-content\/uploads\/2023\/07\/juliane-liebermann-G8gzkaqTqOA-unsplash-scaled.jpg\" width=\"2560\" height=\"1918\" srcset=\"https:\/\/selmasgard.se\/wp-content\/uploads\/2023\/07\/juliane-liebermann-G8gzkaqTqOA-unsplash-scaled.jpg 2560w, https:\/\/selmasgard.se\/wp-content\/uploads\/2023\/07\/juliane-liebermann-G8gzkaqTqOA-unsplash-300x225.jpg 300w, https:\/\/selmasgard.se\/wp-content\/uploads\/2023\/07\/juliane-liebermann-G8gzkaqTqOA-unsplash-1024x767.jpg 1024w, https:\/\/selmasgard.se\/wp-content\/uploads\/2023\/07\/juliane-liebermann-G8gzkaqTqOA-unsplash-768x575.jpg 768w, https:\/\/selmasgard.se\/wp-content\/uploads\/2023\/07\/juliane-liebermann-G8gzkaqTqOA-unsplash-1536x1151.jpg 1536w, https:\/\/selmasgard.se\/wp-content\/uploads\/2023\/07\/juliane-liebermann-G8gzkaqTqOA-unsplash-2048x1534.jpg 2048w, https:\/\/selmasgard.se\/wp-content\/uploads\/2023\/07\/juliane-liebermann-G8gzkaqTqOA-unsplash-16x12.jpg 16w\" sizes=\"auto, (max-width: 2560px) 100vw, 2560px\" alt=\"Walking\">\n<\/div>\n<div class=\"ee-imagebox-content\">\n      <p class=\"ee-imagebox-title bde-h3\" >WALKING IN NATURE<\/p>\n    \n      <div class=\"ee-imagebox-text\" >There are 16 trails in Sunne that are challenging trails in hilly terrain as well as easier trails on flat ground. Read info on the guide to choose and choose.\u00a0\u00a0<\/div>\n    \n  <\/div>\n\n<\/div><div class=\"bde-image-box-59-177 bde-image-box\">\n<div class=\"ee-imagebox-image\">\n  <img loading=\"lazy\" decoding=\"async\" class=\"breakdance-image-object\" src=\"https:\/\/selmasgard.se\/wp-content\/uploads\/2023\/07\/greg-rosenke-jdHbtjS2k3s-unsplash-scaled.jpg\" width=\"2560\" height=\"1920\" srcset=\"https:\/\/selmasgard.se\/wp-content\/uploads\/2023\/07\/greg-rosenke-jdHbtjS2k3s-unsplash-scaled.jpg 2560w, https:\/\/selmasgard.se\/wp-content\/uploads\/2023\/07\/greg-rosenke-jdHbtjS2k3s-unsplash-300x225.jpg 300w, https:\/\/selmasgard.se\/wp-content\/uploads\/2023\/07\/greg-rosenke-jdHbtjS2k3s-unsplash-1024x768.jpg 1024w, https:\/\/selmasgard.se\/wp-content\/uploads\/2023\/07\/greg-rosenke-jdHbtjS2k3s-unsplash-768x576.jpg 768w, https:\/\/selmasgard.se\/wp-content\/uploads\/2023\/07\/greg-rosenke-jdHbtjS2k3s-unsplash-1536x1152.jpg 1536w, https:\/\/selmasgard.se\/wp-content\/uploads\/2023\/07\/greg-rosenke-jdHbtjS2k3s-unsplash-2048x1536.jpg 2048w, https:\/\/selmasgard.se\/wp-content\/uploads\/2023\/07\/greg-rosenke-jdHbtjS2k3s-unsplash-16x12.jpg 16w\" sizes=\"auto, (max-width: 2560px) 100vw, 2560px\" alt=\"Ski Sunne\">\n<\/div>\n<div class=\"ee-imagebox-content\">\n      <p class=\"ee-imagebox-title bde-h3\" >ACTIVITY PARK<\/p>\n    \n      <div class=\"ee-imagebox-text\" >* SUNNE BIKE PARK (summer)<br>* SKI SUNNE (winter)<br>* SUNNE SOMMARLAND<\/div>\n    \n  <\/div>\n\n<\/div><div class=\"bde-image-box-59-178 bde-image-box\">\n<div class=\"ee-imagebox-image\">\n  <img loading=\"lazy\" decoding=\"async\" class=\"breakdance-image-object\" src=\"https:\/\/selmasgard.se\/wp-content\/uploads\/2023\/07\/Screenshot-2023-05-25-at-19.25.15.png\" width=\"1006\" height=\"758\" srcset=\"https:\/\/selmasgard.se\/wp-content\/uploads\/2023\/07\/Screenshot-2023-05-25-at-19.25.15.png 1006w, https:\/\/selmasgard.se\/wp-content\/uploads\/2023\/07\/Screenshot-2023-05-25-at-19.25.15-300x226.png 300w, https:\/\/selmasgard.se\/wp-content\/uploads\/2023\/07\/Screenshot-2023-05-25-at-19.25.15-768x579.png 768w, https:\/\/selmasgard.se\/wp-content\/uploads\/2023\/07\/Screenshot-2023-05-25-at-19.25.15-16x12.png 16w\" sizes=\"auto, (max-width: 1006px) 100vw, 1006px\" alt=\"Alpacas\">\n<\/div>\n<div class=\"ee-imagebox-content\">\n      <p class=\"ee-imagebox-title bde-h3\" >ZOO AND GARDENS<\/p>\n    \n      <div class=\"ee-imagebox-text\" >* VALLARNAS ALPACKAG\u00c5RD<br>* MOONEYE SLEDDOGS  \/ HUSKY TOURS<br>* S\u00d6DRA BERGSG\u00c5RDEN<br>* ROTTNEROS PARK<\/div>\n    \n  <\/div>\n\n<\/div><div class=\"bde-image-box-59-179 bde-image-box\">\n<div class=\"ee-imagebox-image\">\n  <img loading=\"lazy\" decoding=\"async\" class=\"breakdance-image-object\" src=\"https:\/\/selmasgard.se\/wp-content\/uploads\/2023\/07\/Screenshot-2023-05-25-at-20.08.07.png\" width=\"962\" height=\"646\" srcset=\"https:\/\/selmasgard.se\/wp-content\/uploads\/2023\/07\/Screenshot-2023-05-25-at-20.08.07.png 962w, https:\/\/selmasgard.se\/wp-content\/uploads\/2023\/07\/Screenshot-2023-05-25-at-20.08.07-300x201.png 300w, https:\/\/selmasgard.se\/wp-content\/uploads\/2023\/07\/Screenshot-2023-05-25-at-20.08.07-768x516.png 768w, https:\/\/selmasgard.se\/wp-content\/uploads\/2023\/07\/Screenshot-2023-05-25-at-20.08.07-18x12.png 18w\" sizes=\"auto, (max-width: 962px) 100vw, 962px\" alt=\"Marbacka\">\n<\/div>\n<div class=\"ee-imagebox-content\">\n      <p class=\"ee-imagebox-title bde-h3\" >CULTURE AND FUN<\/p>\n    \n      <div class=\"ee-imagebox-text\" >* SELMA LAGERL\u00d6FS M\u00c5RBACKA<br>* ALMA L\u00d6V MUSEUM OF UNEXPECTED ART<br>* V\u00c4STAN\u00c5 MUSIK & TEATER<\/div>\n    \n  <\/div>\n\n<\/div><div class=\"bde-image-box-59-180 bde-image-box\">\n<div class=\"ee-imagebox-image\">\n  <img loading=\"lazy\" decoding=\"async\" class=\"breakdance-image-object\" src=\"https:\/\/selmasgard.se\/wp-content\/uploads\/2023\/07\/2021-Shop-Inside-4_100dpi.jpg\" width=\"2000\" height=\"1333\" srcset=\"https:\/\/selmasgard.se\/wp-content\/uploads\/2023\/07\/2021-Shop-Inside-4_100dpi.jpg 2000w, https:\/\/selmasgard.se\/wp-content\/uploads\/2023\/07\/2021-Shop-Inside-4_100dpi-300x200.jpg 300w, https:\/\/selmasgard.se\/wp-content\/uploads\/2023\/07\/2021-Shop-Inside-4_100dpi-1024x682.jpg 1024w, https:\/\/selmasgard.se\/wp-content\/uploads\/2023\/07\/2021-Shop-Inside-4_100dpi-768x512.jpg 768w, https:\/\/selmasgard.se\/wp-content\/uploads\/2023\/07\/2021-Shop-Inside-4_100dpi-1536x1024.jpg 1536w, https:\/\/selmasgard.se\/wp-content\/uploads\/2023\/07\/2021-Shop-Inside-4_100dpi-18x12.jpg 18w\" sizes=\"auto, (max-width: 2000px) 100vw, 2000px\" alt=\"Studio Mark & Jimena\">\n<\/div>\n<div class=\"ee-imagebox-content\">\n      <p class=\"ee-imagebox-title bde-h3\" >GALLERY AND SUMMER SHOPS<\/p>\n    \n      <div class=\"ee-imagebox-text\" >* S\u00d6DRA \u00c5S GALLERI<br>* STUDIO MARK & JIMENA \/ MARK VAN DEN HEUVELS FOTO GALLERI<\/div>\n    \n  <\/div>\n\n<\/div><div class=\"bde-image-box-59-183 bde-image-box\">\n<div class=\"ee-imagebox-image\">\n  <img loading=\"lazy\" decoding=\"async\" class=\"breakdance-image-object\" src=\"https:\/\/selmasgard.se\/wp-content\/uploads\/2023\/07\/Screenshot-2023-05-25-at-20.22.51.png\" width=\"1012\" height=\"1124\" srcset=\"https:\/\/selmasgard.se\/wp-content\/uploads\/2023\/07\/Screenshot-2023-05-25-at-20.22.51.png 1012w, https:\/\/selmasgard.se\/wp-content\/uploads\/2023\/07\/Screenshot-2023-05-25-at-20.22.51-270x300.png 270w, https:\/\/selmasgard.se\/wp-content\/uploads\/2023\/07\/Screenshot-2023-05-25-at-20.22.51-922x1024.png 922w, https:\/\/selmasgard.se\/wp-content\/uploads\/2023\/07\/Screenshot-2023-05-25-at-20.22.51-768x853.png 768w, https:\/\/selmasgard.se\/wp-content\/uploads\/2023\/07\/Screenshot-2023-05-25-at-20.22.51-11x12.png 11w\" sizes=\"auto, (max-width: 1012px) 100vw, 1012px\" alt=\"Glass Cafe\">\n<\/div>\n<div class=\"ee-imagebox-content\">\n      <p class=\"ee-imagebox-title bde-h3\" >RESTAURANT \/ CAFE<\/p>\n    \n      <div class=\"ee-imagebox-text\" >* SAFFRAN OCH VITL\u00d6K RESTAURANG<br>* PIZZERIAN CITY<br>* SUNNE HEMBYGDSG\u00c5RDS GLASSCAF\u00c9<\/div>\n    \n  <\/div>\n\n<\/div>\n<\/div><\/div>\n<\/section>","protected":false},"excerpt":{"rendered":"<p>V\u00e4lkommen till Sunne! Vi har handplockat flera bes\u00f6km\u00e5l f\u00f6r din trevliga vistelse i Sagolika Sunne. Dessutom, kan du l\u00e4sa mer p\u00e5 turistguiderna som bifogade i foldern i vandrarhemet. BES\u00d6KSM\u00c5LEN I Sunne, finns det s\u00e5 m\u00e5nga man kan utf\u00f6ra\/njuta f\u00f6r alla \u00e5ldrar. VANDRA I NATUREN H\u00e4r finns 16 leder i Sunne som utmanade leder i kuperad [&hellip;]<\/p>\n","protected":false},"author":1,"featured_media":0,"parent":0,"menu_order":0,"comment_status":"closed","ping_status":"closed","template":"","meta":{"_seopress_robots_primary_cat":"","_seopress_titles_title":"","_seopress_titles_desc":"","_seopress_robots_index":"","_breakdance_hide_in_design_set":false,"_breakdance_tags":"","footnotes":""},"class_list":["post-59","page","type-page","status-publish","hentry"],"_links":{"self":[{"href":"https:\/\/selmasgard.se\/en\/wp-json\/wp\/v2\/pages\/59","targetHints":{"allow":["GET"]}}],"collection":[{"href":"https:\/\/selmasgard.se\/en\/wp-json\/wp\/v2\/pages"}],"about":[{"href":"https:\/\/selmasgard.se\/en\/wp-json\/wp\/v2\/types\/page"}],"author":[{"embeddable":true,"href":"https:\/\/selmasgard.se\/en\/wp-json\/wp\/v2\/users\/1"}],"replies":[{"embeddable":true,"href":"https:\/\/selmasgard.se\/en\/wp-json\/wp\/v2\/comments?post=59"}],"version-history":[{"count":5,"href":"https:\/\/selmasgard.se\/en\/wp-json\/wp\/v2\/pages\/59\/revisions"}],"predecessor-version":[{"id":502,"href":"https:\/\/selmasgard.se\/en\/wp-json\/wp\/v2\/pages\/59\/revisions\/502"}],"wp:attachment":[{"href":"https:\/\/selmasgard.se\/en\/wp-json\/wp\/v2\/media?parent=59"}],"curies":[{"name":"wp","href":"https:\/\/api.w.org\/{rel}","templated":true}]}}